{"id":14322,"date":"2025-07-11T13:50:04","date_gmt":"2025-07-11T13:50:04","guid":{"rendered":"https:\/\/biocheck.pt\/homepage\/?post_type=product&#038;p=14322"},"modified":"2025-12-09T11:06:37","modified_gmt":"2025-12-09T11:06:37","slug":"kit-teste-oleos-25-unid-2","status":"publish","type":"product","link":"https:\/\/biocheck.pt\/homepage\/produto\/kit-teste-oleos-25-unid-2\/","title":{"rendered":"Kit Teste Oleos 10 unid."},"content":{"rendered":"<ul>\n<li>Oleo Test &#8211; utilizado pelas Entidades Oficiais de controlo e inspe\u00e7\u00e3o, e pelas melhores Empresas de Restaura\u00e7\u00e3o e Hotelaria;<\/li>\n<li>CONTROLO OBRIGAT\u00d3RIO POR LEI: Portaria n\u00ba 1135\/95;<\/li>\n<li>Teste r\u00e1pido para controlo da qualidade dos \u00f3leos de fritura, atrav\u00e9s da avalia\u00e7\u00e3o dos compostos polares formados durante os processos de fritura.<\/li>\n<\/ul>\n","protected":false},"excerpt":{"rendered":"<p>Oleo Test &#8211; utilizado pelas Entidades Oficiais de controlo e inspe\u00e7\u00e3o, e pelas melhores Empresas de Restaura\u00e7\u00e3o e Hotelaria; CONTROLO OBRIGAT\u00d3RIO POR LEI: Portaria n\u00ba 1135\/95; Teste r\u00e1pido para controlo da qualidade dos \u00f3leos de fritura, atrav\u00e9s da avalia\u00e7\u00e3o dos compostos polares formados durante os processos de fritura.<\/p>\n","protected":false},"featured_media":14374,"template":"","meta":[],"product_brand":[],"product_cat":[35],"product_tag":[],"class_list":{"0":"post-14322","1":"product","2":"type-product","3":"status-publish","4":"has-post-thumbnail","6":"product_cat-kits","8":"first","9":"instock","10":"taxable","11":"shipping-taxable","12":"purchasable","13":"product-type-simple"},"yoast_head":"<!-- This site is optimized with the Yoast SEO plugin v20.6 - https:\/\/yoast.com\/wordpress\/plugins\/seo\/ -->\n<title>Kit Teste Oleos 10 unid. - Biocheck Lda<\/title>\n<meta name=\"description\" content=\"Oleo Test - utilizado pelas Entidades Oficiais de controlo e inspe\u00e7\u00e3o, e pelas melhores Empresas de Restaura\u00e7\u00e3o e Hotelaria; CONTROLO OBRIGAT\u00d3RIO POR LEI: Portaria n\u00ba 1135\/95; Teste r\u00e1pido para controlo da qualidade dos \u00f3leos de fritura, atrav\u00e9s da avalia\u00e7\u00e3o dos compostos polares formados durante os processos de fritura.\" \/>\n<meta name=\"robots\" content=\"index, follow, max-snippet:-1, max-image-preview:large, max-video-preview:-1\" \/>\n<link rel=\"canonical\" href=\"https:\/\/biocheck.pt\/homepage\/produto\/kit-teste-oleos-25-unid-2\/\" \/>\n<meta property=\"og:locale\" content=\"pt_PT\" \/>\n<meta property=\"og:type\" content=\"article\" \/>\n<meta property=\"og:title\" content=\"Kit Teste Oleos 10 unid. - Biocheck Lda\" \/>\n<meta property=\"og:description\" content=\"Oleo Test - utilizado pelas Entidades Oficiais de controlo e inspe\u00e7\u00e3o, e pelas melhores Empresas de Restaura\u00e7\u00e3o e Hotelaria; CONTROLO OBRIGAT\u00d3RIO POR LEI: Portaria n\u00ba 1135\/95; Teste r\u00e1pido para controlo da qualidade dos \u00f3leos de fritura, atrav\u00e9s da avalia\u00e7\u00e3o dos compostos polares formados durante os processos de fritura.\" \/>\n<meta property=\"og:url\" content=\"https:\/\/biocheck.pt\/homepage\/produto\/kit-teste-oleos-25-unid-2\/\" \/>\n<meta property=\"og:site_name\" content=\"Biocheck Lda\" \/>\n<meta property=\"article:publisher\" content=\"https:\/\/www.facebook.com\/biocheck\" \/>\n<meta property=\"article:modified_time\" content=\"2025-12-09T11:06:37+00:00\" \/>\n<meta property=\"og:image\" content=\"https:\/\/biocheck.pt\/homepage\/wp-content\/uploads\/2025\/07\/oleoteste_2025.png\" \/>\n\t<meta property=\"og:image:width\" content=\"800\" \/>\n\t<meta property=\"og:image:height\" content=\"800\" \/>\n\t<meta property=\"og:image:type\" content=\"image\/png\" \/>\n<meta name=\"twitter:card\" content=\"summary_large_image\" \/>\n<meta name=\"twitter:label1\" content=\"Tempo estimado de leitura\" \/>\n\t<meta name=\"twitter:data1\" content=\"1 minuto\" \/>\n<script type=\"application\/ld+json\" class=\"yoast-schema-graph\">{\"@context\":\"https:\/\/schema.org\",\"@graph\":[{\"@type\":\"WebPage\",\"@id\":\"https:\/\/biocheck.pt\/homepage\/produto\/kit-teste-oleos-25-unid-2\/\",\"url\":\"https:\/\/biocheck.pt\/homepage\/produto\/kit-teste-oleos-25-unid-2\/\",\"name\":\"Kit Teste Oleos 10 unid. - Biocheck Lda\",\"isPartOf\":{\"@id\":\"https:\/\/biocheck.pt\/homepage\/#website\"},\"datePublished\":\"2025-07-11T13:50:04+00:00\",\"dateModified\":\"2025-12-09T11:06:37+00:00\",\"description\":\"Oleo Test - utilizado pelas Entidades Oficiais de controlo e inspe\u00e7\u00e3o, e pelas melhores Empresas de Restaura\u00e7\u00e3o e Hotelaria; CONTROLO OBRIGAT\u00d3RIO POR LEI: Portaria n\u00ba 1135\/95; Teste r\u00e1pido para controlo da qualidade dos \u00f3leos de fritura, atrav\u00e9s da avalia\u00e7\u00e3o dos compostos polares formados durante os processos de fritura.\",\"breadcrumb\":{\"@id\":\"https:\/\/biocheck.pt\/homepage\/produto\/kit-teste-oleos-25-unid-2\/#breadcrumb\"},\"inLanguage\":\"pt-PT\",\"potentialAction\":[{\"@type\":\"ReadAction\",\"target\":[\"https:\/\/biocheck.pt\/homepage\/produto\/kit-teste-oleos-25-unid-2\/\"]}]},{\"@type\":\"BreadcrumbList\",\"@id\":\"https:\/\/biocheck.pt\/homepage\/produto\/kit-teste-oleos-25-unid-2\/#breadcrumb\",\"itemListElement\":[{\"@type\":\"ListItem\",\"position\":1,\"name\":\"In\u00edcio\",\"item\":\"https:\/\/biocheck.pt\/homepage\/\"},{\"@type\":\"ListItem\",\"position\":2,\"name\":\"Loja\",\"item\":\"https:\/\/biocheck.pt\/homepage\/loja\/\"},{\"@type\":\"ListItem\",\"position\":3,\"name\":\"Kit Teste Oleos 10 unid.\"}]},{\"@type\":\"WebSite\",\"@id\":\"https:\/\/biocheck.pt\/homepage\/#website\",\"url\":\"https:\/\/biocheck.pt\/homepage\/\",\"name\":\"Biocheck Lda\",\"description\":\"Qualidade e Seguran\u00e7a Alimentar\",\"publisher\":{\"@id\":\"https:\/\/biocheck.pt\/homepage\/#organization\"},\"potentialAction\":[{\"@type\":\"SearchAction\",\"target\":{\"@type\":\"EntryPoint\",\"urlTemplate\":\"https:\/\/biocheck.pt\/homepage\/?s={search_term_string}\"},\"query-input\":\"required name=search_term_string\"}],\"inLanguage\":\"pt-PT\"},{\"@type\":\"Organization\",\"@id\":\"https:\/\/biocheck.pt\/homepage\/#organization\",\"name\":\"Biocheck Lda\",\"url\":\"https:\/\/biocheck.pt\/homepage\/\",\"logo\":{\"@type\":\"ImageObject\",\"inLanguage\":\"pt-PT\",\"@id\":\"https:\/\/biocheck.pt\/homepage\/#\/schema\/logo\/image\/\",\"url\":\"https:\/\/biocheck.pt\/homepage\/wp-content\/uploads\/2023\/02\/logotipo_bola.png\",\"contentUrl\":\"https:\/\/biocheck.pt\/homepage\/wp-content\/uploads\/2023\/02\/logotipo_bola.png\",\"width\":174,\"height\":215,\"caption\":\"Biocheck Lda\"},\"image\":{\"@id\":\"https:\/\/biocheck.pt\/homepage\/#\/schema\/logo\/image\/\"},\"sameAs\":[\"https:\/\/www.facebook.com\/biocheck\",\"https:\/\/www.linkedin.com\/company\/biochecklda\"]}]}<\/script>\n<!-- \/ Yoast SEO plugin. -->","yoast_head_json":{"title":"Kit Teste Oleos 10 unid. - Biocheck Lda","description":"Oleo Test - utilizado pelas Entidades Oficiais de controlo e inspe\u00e7\u00e3o, e pelas melhores Empresas de Restaura\u00e7\u00e3o e Hotelaria; CONTROLO OBRIGAT\u00d3RIO POR LEI: Portaria n\u00ba 1135\/95; Teste r\u00e1pido para controlo da qualidade dos \u00f3leos de fritura, atrav\u00e9s da avalia\u00e7\u00e3o dos compostos polares formados durante os processos de fritura.","robots":{"index":"index","follow":"follow","max-snippet":"max-snippet:-1","max-image-preview":"max-image-preview:large","max-video-preview":"max-video-preview:-1"},"canonical":"https:\/\/biocheck.pt\/homepage\/produto\/kit-teste-oleos-25-unid-2\/","og_locale":"pt_PT","og_type":"article","og_title":"Kit Teste Oleos 10 unid. - Biocheck Lda","og_description":"Oleo Test - utilizado pelas Entidades Oficiais de controlo e inspe\u00e7\u00e3o, e pelas melhores Empresas de Restaura\u00e7\u00e3o e Hotelaria; CONTROLO OBRIGAT\u00d3RIO POR LEI: Portaria n\u00ba 1135\/95; Teste r\u00e1pido para controlo da qualidade dos \u00f3leos de fritura, atrav\u00e9s da avalia\u00e7\u00e3o dos compostos polares formados durante os processos de fritura.","og_url":"https:\/\/biocheck.pt\/homepage\/produto\/kit-teste-oleos-25-unid-2\/","og_site_name":"Biocheck Lda","article_publisher":"https:\/\/www.facebook.com\/biocheck","article_modified_time":"2025-12-09T11:06:37+00:00","og_image":[{"width":800,"height":800,"url":"https:\/\/biocheck.pt\/homepage\/wp-content\/uploads\/2025\/07\/oleoteste_2025.png","type":"image\/png"}],"twitter_card":"summary_large_image","twitter_misc":{"Tempo estimado de leitura":"1 minuto"},"schema":{"@context":"https:\/\/schema.org","@graph":[{"@type":"WebPage","@id":"https:\/\/biocheck.pt\/homepage\/produto\/kit-teste-oleos-25-unid-2\/","url":"https:\/\/biocheck.pt\/homepage\/produto\/kit-teste-oleos-25-unid-2\/","name":"Kit Teste Oleos 10 unid. - Biocheck Lda","isPartOf":{"@id":"https:\/\/biocheck.pt\/homepage\/#website"},"datePublished":"2025-07-11T13:50:04+00:00","dateModified":"2025-12-09T11:06:37+00:00","description":"Oleo Test - utilizado pelas Entidades Oficiais de controlo e inspe\u00e7\u00e3o, e pelas melhores Empresas de Restaura\u00e7\u00e3o e Hotelaria; CONTROLO OBRIGAT\u00d3RIO POR LEI: Portaria n\u00ba 1135\/95; Teste r\u00e1pido para controlo da qualidade dos \u00f3leos de fritura, atrav\u00e9s da avalia\u00e7\u00e3o dos compostos polares formados durante os processos de fritura.","breadcrumb":{"@id":"https:\/\/biocheck.pt\/homepage\/produto\/kit-teste-oleos-25-unid-2\/#breadcrumb"},"inLanguage":"pt-PT","potentialAction":[{"@type":"ReadAction","target":["https:\/\/biocheck.pt\/homepage\/produto\/kit-teste-oleos-25-unid-2\/"]}]},{"@type":"BreadcrumbList","@id":"https:\/\/biocheck.pt\/homepage\/produto\/kit-teste-oleos-25-unid-2\/#breadcrumb","itemListElement":[{"@type":"ListItem","position":1,"name":"In\u00edcio","item":"https:\/\/biocheck.pt\/homepage\/"},{"@type":"ListItem","position":2,"name":"Loja","item":"https:\/\/biocheck.pt\/homepage\/loja\/"},{"@type":"ListItem","position":3,"name":"Kit Teste Oleos 10 unid."}]},{"@type":"WebSite","@id":"https:\/\/biocheck.pt\/homepage\/#website","url":"https:\/\/biocheck.pt\/homepage\/","name":"Biocheck Lda","description":"Qualidade e Seguran\u00e7a Alimentar","publisher":{"@id":"https:\/\/biocheck.pt\/homepage\/#organization"},"potentialAction":[{"@type":"SearchAction","target":{"@type":"EntryPoint","urlTemplate":"https:\/\/biocheck.pt\/homepage\/?s={search_term_string}"},"query-input":"required name=search_term_string"}],"inLanguage":"pt-PT"},{"@type":"Organization","@id":"https:\/\/biocheck.pt\/homepage\/#organization","name":"Biocheck Lda","url":"https:\/\/biocheck.pt\/homepage\/","logo":{"@type":"ImageObject","inLanguage":"pt-PT","@id":"https:\/\/biocheck.pt\/homepage\/#\/schema\/logo\/image\/","url":"https:\/\/biocheck.pt\/homepage\/wp-content\/uploads\/2023\/02\/logotipo_bola.png","contentUrl":"https:\/\/biocheck.pt\/homepage\/wp-content\/uploads\/2023\/02\/logotipo_bola.png","width":174,"height":215,"caption":"Biocheck Lda"},"image":{"@id":"https:\/\/biocheck.pt\/homepage\/#\/schema\/logo\/image\/"},"sameAs":["https:\/\/www.facebook.com\/biocheck","https:\/\/www.linkedin.com\/company\/biochecklda"]}]}},"jetpack_sharing_enabled":true,"_links":{"self":[{"href":"https:\/\/biocheck.pt\/homepage\/wp-json\/wp\/v2\/product\/14322","targetHints":{"allow":["GET"]}}],"collection":[{"href":"https:\/\/biocheck.pt\/homepage\/wp-json\/wp\/v2\/product"}],"about":[{"href":"https:\/\/biocheck.pt\/homepage\/wp-json\/wp\/v2\/types\/product"}],"wp:featuredmedia":[{"embeddable":true,"href":"https:\/\/biocheck.pt\/homepage\/wp-json\/wp\/v2\/media\/14374"}],"wp:attachment":[{"href":"https:\/\/biocheck.pt\/homepage\/wp-json\/wp\/v2\/media?parent=14322"}],"wp:term":[{"taxonomy":"product_brand","embeddable":true,"href":"https:\/\/biocheck.pt\/homepage\/wp-json\/wp\/v2\/product_brand?post=14322"},{"taxonomy":"product_cat","embeddable":true,"href":"https:\/\/biocheck.pt\/homepage\/wp-json\/wp\/v2\/product_cat?post=14322"},{"taxonomy":"product_tag","embeddable":true,"href":"https:\/\/biocheck.pt\/homepage\/wp-json\/wp\/v2\/product_tag?post=14322"}],"curies":[{"name":"wp","href":"https:\/\/api.w.org\/{rel}","templated":true}]}}