{"id":13889,"date":"2024-05-08T15:17:45","date_gmt":"2024-05-08T15:17:45","guid":{"rendered":"https:\/\/biocheck.pt\/homepage\/?post_type=product&#038;p=13889"},"modified":"2025-06-09T14:31:39","modified_gmt":"2025-06-09T14:31:39","slug":"touca-descartavel-100-unid","status":"publish","type":"product","link":"https:\/\/biocheck.pt\/homepage\/produto\/touca-descartavel-100-unid\/","title":{"rendered":"Touca descart\u00e1vel com el\u00e1stico fina Branca (emb. 100)"},"content":{"rendered":"<ul>\n<li>Touca descart\u00e1vel com el\u00e1stico fina Branca (emb. 100)<\/li>\n<\/ul>\n","protected":false},"excerpt":{"rendered":"<p>Touca descart\u00e1vel com el\u00e1stico fina Branca (emb. 100)<\/p>\n","protected":false},"featured_media":13895,"template":"","meta":[],"product_brand":[],"product_cat":[37],"product_tag":[],"class_list":{"0":"post-13889","1":"product","2":"type-product","3":"status-publish","4":"has-post-thumbnail","6":"product_cat-sacos","8":"first","9":"instock","10":"taxable","11":"shipping-taxable","12":"purchasable","13":"product-type-simple"},"yoast_head":"<!-- This site is optimized with the Yoast SEO plugin v20.6 - https:\/\/yoast.com\/wordpress\/plugins\/seo\/ -->\n<title>Touca descart\u00e1vel com el\u00e1stico fina Branca (emb. 100) - Biocheck Lda<\/title>\n<meta name=\"description\" content=\"Touca descart\u00e1vel com el\u00e1stico fina Branca (emb. 100)\" \/>\n<meta name=\"robots\" content=\"index, follow, max-snippet:-1, max-image-preview:large, max-video-preview:-1\" \/>\n<link rel=\"canonical\" href=\"https:\/\/biocheck.pt\/homepage\/produto\/touca-descartavel-100-unid\/\" \/>\n<meta property=\"og:locale\" content=\"pt_PT\" \/>\n<meta property=\"og:type\" content=\"article\" \/>\n<meta property=\"og:title\" content=\"Touca descart\u00e1vel com el\u00e1stico fina Branca (emb. 100) - Biocheck Lda\" \/>\n<meta property=\"og:description\" content=\"Touca descart\u00e1vel com el\u00e1stico fina Branca (emb. 100)\" \/>\n<meta property=\"og:url\" content=\"https:\/\/biocheck.pt\/homepage\/produto\/touca-descartavel-100-unid\/\" \/>\n<meta property=\"og:site_name\" content=\"Biocheck Lda\" \/>\n<meta property=\"article:publisher\" content=\"https:\/\/www.facebook.com\/biocheck\" \/>\n<meta property=\"article:modified_time\" content=\"2025-06-09T14:31:39+00:00\" \/>\n<meta property=\"og:image\" content=\"https:\/\/biocheck.pt\/homepage\/wp-content\/uploads\/2024\/05\/touca-branca_site.png\" \/>\n\t<meta property=\"og:image:width\" content=\"480\" \/>\n\t<meta property=\"og:image:height\" content=\"480\" \/>\n\t<meta property=\"og:image:type\" content=\"image\/png\" \/>\n<meta name=\"twitter:card\" content=\"summary_large_image\" \/>\n<meta name=\"twitter:label1\" content=\"Tempo estimado de leitura\" \/>\n\t<meta name=\"twitter:data1\" content=\"1 minuto\" \/>\n<script type=\"application\/ld+json\" class=\"yoast-schema-graph\">{\"@context\":\"https:\/\/schema.org\",\"@graph\":[{\"@type\":\"WebPage\",\"@id\":\"https:\/\/biocheck.pt\/homepage\/produto\/touca-descartavel-100-unid\/\",\"url\":\"https:\/\/biocheck.pt\/homepage\/produto\/touca-descartavel-100-unid\/\",\"name\":\"Touca descart\u00e1vel com el\u00e1stico fina Branca (emb. 100) - Biocheck Lda\",\"isPartOf\":{\"@id\":\"https:\/\/biocheck.pt\/homepage\/#website\"},\"datePublished\":\"2024-05-08T15:17:45+00:00\",\"dateModified\":\"2025-06-09T14:31:39+00:00\",\"description\":\"Touca descart\u00e1vel com el\u00e1stico fina Branca (emb. 100)\",\"breadcrumb\":{\"@id\":\"https:\/\/biocheck.pt\/homepage\/produto\/touca-descartavel-100-unid\/#breadcrumb\"},\"inLanguage\":\"pt-PT\",\"potentialAction\":[{\"@type\":\"ReadAction\",\"target\":[\"https:\/\/biocheck.pt\/homepage\/produto\/touca-descartavel-100-unid\/\"]}]},{\"@type\":\"BreadcrumbList\",\"@id\":\"https:\/\/biocheck.pt\/homepage\/produto\/touca-descartavel-100-unid\/#breadcrumb\",\"itemListElement\":[{\"@type\":\"ListItem\",\"position\":1,\"name\":\"In\u00edcio\",\"item\":\"https:\/\/biocheck.pt\/homepage\/\"},{\"@type\":\"ListItem\",\"position\":2,\"name\":\"Loja\",\"item\":\"https:\/\/biocheck.pt\/homepage\/loja\/\"},{\"@type\":\"ListItem\",\"position\":3,\"name\":\"Touca descart\u00e1vel com el\u00e1stico fina Branca (emb. 100)\"}]},{\"@type\":\"WebSite\",\"@id\":\"https:\/\/biocheck.pt\/homepage\/#website\",\"url\":\"https:\/\/biocheck.pt\/homepage\/\",\"name\":\"Biocheck Lda\",\"description\":\"Qualidade e Seguran\u00e7a Alimentar\",\"publisher\":{\"@id\":\"https:\/\/biocheck.pt\/homepage\/#organization\"},\"potentialAction\":[{\"@type\":\"SearchAction\",\"target\":{\"@type\":\"EntryPoint\",\"urlTemplate\":\"https:\/\/biocheck.pt\/homepage\/?s={search_term_string}\"},\"query-input\":\"required name=search_term_string\"}],\"inLanguage\":\"pt-PT\"},{\"@type\":\"Organization\",\"@id\":\"https:\/\/biocheck.pt\/homepage\/#organization\",\"name\":\"Biocheck Lda\",\"url\":\"https:\/\/biocheck.pt\/homepage\/\",\"logo\":{\"@type\":\"ImageObject\",\"inLanguage\":\"pt-PT\",\"@id\":\"https:\/\/biocheck.pt\/homepage\/#\/schema\/logo\/image\/\",\"url\":\"https:\/\/biocheck.pt\/homepage\/wp-content\/uploads\/2023\/02\/logotipo_bola.png\",\"contentUrl\":\"https:\/\/biocheck.pt\/homepage\/wp-content\/uploads\/2023\/02\/logotipo_bola.png\",\"width\":174,\"height\":215,\"caption\":\"Biocheck Lda\"},\"image\":{\"@id\":\"https:\/\/biocheck.pt\/homepage\/#\/schema\/logo\/image\/\"},\"sameAs\":[\"https:\/\/www.facebook.com\/biocheck\",\"https:\/\/www.linkedin.com\/company\/biochecklda\"]}]}<\/script>\n<!-- \/ Yoast SEO plugin. -->","yoast_head_json":{"title":"Touca descart\u00e1vel com el\u00e1stico fina Branca (emb. 100) - Biocheck Lda","description":"Touca descart\u00e1vel com el\u00e1stico fina Branca (emb. 100)","robots":{"index":"index","follow":"follow","max-snippet":"max-snippet:-1","max-image-preview":"max-image-preview:large","max-video-preview":"max-video-preview:-1"},"canonical":"https:\/\/biocheck.pt\/homepage\/produto\/touca-descartavel-100-unid\/","og_locale":"pt_PT","og_type":"article","og_title":"Touca descart\u00e1vel com el\u00e1stico fina Branca (emb. 100) - Biocheck Lda","og_description":"Touca descart\u00e1vel com el\u00e1stico fina Branca (emb. 100)","og_url":"https:\/\/biocheck.pt\/homepage\/produto\/touca-descartavel-100-unid\/","og_site_name":"Biocheck Lda","article_publisher":"https:\/\/www.facebook.com\/biocheck","article_modified_time":"2025-06-09T14:31:39+00:00","og_image":[{"width":480,"height":480,"url":"https:\/\/biocheck.pt\/homepage\/wp-content\/uploads\/2024\/05\/touca-branca_site.png","type":"image\/png"}],"twitter_card":"summary_large_image","twitter_misc":{"Tempo estimado de leitura":"1 minuto"},"schema":{"@context":"https:\/\/schema.org","@graph":[{"@type":"WebPage","@id":"https:\/\/biocheck.pt\/homepage\/produto\/touca-descartavel-100-unid\/","url":"https:\/\/biocheck.pt\/homepage\/produto\/touca-descartavel-100-unid\/","name":"Touca descart\u00e1vel com el\u00e1stico fina Branca (emb. 100) - Biocheck Lda","isPartOf":{"@id":"https:\/\/biocheck.pt\/homepage\/#website"},"datePublished":"2024-05-08T15:17:45+00:00","dateModified":"2025-06-09T14:31:39+00:00","description":"Touca descart\u00e1vel com el\u00e1stico fina Branca (emb. 100)","breadcrumb":{"@id":"https:\/\/biocheck.pt\/homepage\/produto\/touca-descartavel-100-unid\/#breadcrumb"},"inLanguage":"pt-PT","potentialAction":[{"@type":"ReadAction","target":["https:\/\/biocheck.pt\/homepage\/produto\/touca-descartavel-100-unid\/"]}]},{"@type":"BreadcrumbList","@id":"https:\/\/biocheck.pt\/homepage\/produto\/touca-descartavel-100-unid\/#breadcrumb","itemListElement":[{"@type":"ListItem","position":1,"name":"In\u00edcio","item":"https:\/\/biocheck.pt\/homepage\/"},{"@type":"ListItem","position":2,"name":"Loja","item":"https:\/\/biocheck.pt\/homepage\/loja\/"},{"@type":"ListItem","position":3,"name":"Touca descart\u00e1vel com el\u00e1stico fina Branca (emb. 100)"}]},{"@type":"WebSite","@id":"https:\/\/biocheck.pt\/homepage\/#website","url":"https:\/\/biocheck.pt\/homepage\/","name":"Biocheck Lda","description":"Qualidade e Seguran\u00e7a Alimentar","publisher":{"@id":"https:\/\/biocheck.pt\/homepage\/#organization"},"potentialAction":[{"@type":"SearchAction","target":{"@type":"EntryPoint","urlTemplate":"https:\/\/biocheck.pt\/homepage\/?s={search_term_string}"},"query-input":"required name=search_term_string"}],"inLanguage":"pt-PT"},{"@type":"Organization","@id":"https:\/\/biocheck.pt\/homepage\/#organization","name":"Biocheck Lda","url":"https:\/\/biocheck.pt\/homepage\/","logo":{"@type":"ImageObject","inLanguage":"pt-PT","@id":"https:\/\/biocheck.pt\/homepage\/#\/schema\/logo\/image\/","url":"https:\/\/biocheck.pt\/homepage\/wp-content\/uploads\/2023\/02\/logotipo_bola.png","contentUrl":"https:\/\/biocheck.pt\/homepage\/wp-content\/uploads\/2023\/02\/logotipo_bola.png","width":174,"height":215,"caption":"Biocheck Lda"},"image":{"@id":"https:\/\/biocheck.pt\/homepage\/#\/schema\/logo\/image\/"},"sameAs":["https:\/\/www.facebook.com\/biocheck","https:\/\/www.linkedin.com\/company\/biochecklda"]}]}},"jetpack_sharing_enabled":true,"_links":{"self":[{"href":"https:\/\/biocheck.pt\/homepage\/wp-json\/wp\/v2\/product\/13889","targetHints":{"allow":["GET"]}}],"collection":[{"href":"https:\/\/biocheck.pt\/homepage\/wp-json\/wp\/v2\/product"}],"about":[{"href":"https:\/\/biocheck.pt\/homepage\/wp-json\/wp\/v2\/types\/product"}],"wp:featuredmedia":[{"embeddable":true,"href":"https:\/\/biocheck.pt\/homepage\/wp-json\/wp\/v2\/media\/13895"}],"wp:attachment":[{"href":"https:\/\/biocheck.pt\/homepage\/wp-json\/wp\/v2\/media?parent=13889"}],"wp:term":[{"taxonomy":"product_brand","embeddable":true,"href":"https:\/\/biocheck.pt\/homepage\/wp-json\/wp\/v2\/product_brand?post=13889"},{"taxonomy":"product_cat","embeddable":true,"href":"https:\/\/biocheck.pt\/homepage\/wp-json\/wp\/v2\/product_cat?post=13889"},{"taxonomy":"product_tag","embeddable":true,"href":"https:\/\/biocheck.pt\/homepage\/wp-json\/wp\/v2\/product_tag?post=13889"}],"curies":[{"name":"wp","href":"https:\/\/api.w.org\/{rel}","templated":true}]}}