{"id":12956,"date":"2023-02-17T11:48:44","date_gmt":"2023-02-17T11:48:44","guid":{"rendered":"https:\/\/biocheck.pt\/homepage\/?post_type=product&#038;p=12956"},"modified":"2024-01-18T15:42:46","modified_gmt":"2024-01-18T15:42:46","slug":"termometro-digital-a-prova-de-agua","status":"publish","type":"product","link":"https:\/\/biocheck.pt\/homepage\/produto\/termometro-digital-a-prova-de-agua\/","title":{"rendered":"Term\u00f3metro Digital \u00e0 Prova de \u00c1gua"},"content":{"rendered":"<ul>\n<li>Com protetor de sonda para bolso;<\/li>\n<li>Gama de temperaturas de -40 a +240\u00baC;<\/li>\n<li>Fun\u00e7\u00e3o de mem\u00f3ria de Max\/Min.<\/li>\n<\/ul>\n","protected":false},"excerpt":{"rendered":"<p>Com protetor de sonda para bolso; Gama de temperaturas de -40 a +240\u00baC; Fun\u00e7\u00e3o de mem\u00f3ria de Max\/Min.<\/p>\n","protected":false},"featured_media":12957,"template":"","meta":[],"product_brand":[],"product_cat":[34],"product_tag":[],"class_list":{"0":"post-12956","1":"product","2":"type-product","3":"status-publish","4":"has-post-thumbnail","6":"product_cat-termometro","8":"first","9":"outofstock","10":"taxable","11":"shipping-taxable","12":"purchasable","13":"product-type-simple"},"yoast_head":"<!-- This site is optimized with the Yoast SEO plugin v20.6 - https:\/\/yoast.com\/wordpress\/plugins\/seo\/ -->\n<title>Term\u00f3metro Digital \u00e0 Prova de \u00c1gua - Biocheck Lda<\/title>\n<meta name=\"description\" content=\"Com protetor de sonda para bolso; Gama de temperaturas de -40 a +240\u00baC;Fun\u00e7\u00e3o de mem\u00f3ria de Max\/Min.\" \/>\n<meta name=\"robots\" content=\"index, follow, max-snippet:-1, max-image-preview:large, max-video-preview:-1\" \/>\n<link rel=\"canonical\" href=\"https:\/\/biocheck.pt\/homepage\/produto\/termometro-digital-a-prova-de-agua\/\" \/>\n<meta property=\"og:locale\" content=\"pt_PT\" \/>\n<meta property=\"og:type\" content=\"article\" \/>\n<meta property=\"og:title\" content=\"Term\u00f3metro Digital \u00e0 Prova de \u00c1gua - Biocheck Lda\" \/>\n<meta property=\"og:description\" content=\"Com protetor de sonda para bolso; Gama de temperaturas de -40 a +240\u00baC;Fun\u00e7\u00e3o de mem\u00f3ria de Max\/Min.\" \/>\n<meta property=\"og:url\" content=\"https:\/\/biocheck.pt\/homepage\/produto\/termometro-digital-a-prova-de-agua\/\" \/>\n<meta property=\"og:site_name\" content=\"Biocheck Lda\" \/>\n<meta property=\"article:publisher\" content=\"https:\/\/www.facebook.com\/biocheck\" \/>\n<meta property=\"article:modified_time\" content=\"2024-01-18T15:42:46+00:00\" \/>\n<meta property=\"og:image\" content=\"https:\/\/biocheck.pt\/homepage\/wp-content\/uploads\/2023\/02\/Termometro-Digital-a-Prova-de-Agua.png\" \/>\n\t<meta property=\"og:image:width\" content=\"300\" \/>\n\t<meta property=\"og:image:height\" content=\"300\" \/>\n\t<meta property=\"og:image:type\" content=\"image\/png\" \/>\n<meta name=\"twitter:card\" content=\"summary_large_image\" \/>\n<meta name=\"twitter:label1\" content=\"Tempo estimado de leitura\" \/>\n\t<meta name=\"twitter:data1\" content=\"1 minuto\" \/>\n<script type=\"application\/ld+json\" class=\"yoast-schema-graph\">{\"@context\":\"https:\/\/schema.org\",\"@graph\":[{\"@type\":\"WebPage\",\"@id\":\"https:\/\/biocheck.pt\/homepage\/produto\/termometro-digital-a-prova-de-agua\/\",\"url\":\"https:\/\/biocheck.pt\/homepage\/produto\/termometro-digital-a-prova-de-agua\/\",\"name\":\"Term\u00f3metro Digital \u00e0 Prova de \u00c1gua - Biocheck Lda\",\"isPartOf\":{\"@id\":\"https:\/\/biocheck.pt\/homepage\/#website\"},\"datePublished\":\"2023-02-17T11:48:44+00:00\",\"dateModified\":\"2024-01-18T15:42:46+00:00\",\"description\":\"Com protetor de sonda para bolso; Gama de temperaturas de -40 a +240\u00baC;Fun\u00e7\u00e3o de mem\u00f3ria de Max\/Min.\",\"breadcrumb\":{\"@id\":\"https:\/\/biocheck.pt\/homepage\/produto\/termometro-digital-a-prova-de-agua\/#breadcrumb\"},\"inLanguage\":\"pt-PT\",\"potentialAction\":[{\"@type\":\"ReadAction\",\"target\":[\"https:\/\/biocheck.pt\/homepage\/produto\/termometro-digital-a-prova-de-agua\/\"]}]},{\"@type\":\"BreadcrumbList\",\"@id\":\"https:\/\/biocheck.pt\/homepage\/produto\/termometro-digital-a-prova-de-agua\/#breadcrumb\",\"itemListElement\":[{\"@type\":\"ListItem\",\"position\":1,\"name\":\"In\u00edcio\",\"item\":\"https:\/\/biocheck.pt\/homepage\/\"},{\"@type\":\"ListItem\",\"position\":2,\"name\":\"Loja\",\"item\":\"https:\/\/biocheck.pt\/homepage\/loja\/\"},{\"@type\":\"ListItem\",\"position\":3,\"name\":\"Term\u00f3metro Digital \u00e0 Prova de \u00c1gua\"}]},{\"@type\":\"WebSite\",\"@id\":\"https:\/\/biocheck.pt\/homepage\/#website\",\"url\":\"https:\/\/biocheck.pt\/homepage\/\",\"name\":\"Biocheck Lda\",\"description\":\"Qualidade e Seguran\u00e7a Alimentar\",\"publisher\":{\"@id\":\"https:\/\/biocheck.pt\/homepage\/#organization\"},\"potentialAction\":[{\"@type\":\"SearchAction\",\"target\":{\"@type\":\"EntryPoint\",\"urlTemplate\":\"https:\/\/biocheck.pt\/homepage\/?s={search_term_string}\"},\"query-input\":\"required name=search_term_string\"}],\"inLanguage\":\"pt-PT\"},{\"@type\":\"Organization\",\"@id\":\"https:\/\/biocheck.pt\/homepage\/#organization\",\"name\":\"Biocheck Lda\",\"url\":\"https:\/\/biocheck.pt\/homepage\/\",\"logo\":{\"@type\":\"ImageObject\",\"inLanguage\":\"pt-PT\",\"@id\":\"https:\/\/biocheck.pt\/homepage\/#\/schema\/logo\/image\/\",\"url\":\"https:\/\/biocheck.pt\/homepage\/wp-content\/uploads\/2023\/02\/logotipo_bola.png\",\"contentUrl\":\"https:\/\/biocheck.pt\/homepage\/wp-content\/uploads\/2023\/02\/logotipo_bola.png\",\"width\":174,\"height\":215,\"caption\":\"Biocheck Lda\"},\"image\":{\"@id\":\"https:\/\/biocheck.pt\/homepage\/#\/schema\/logo\/image\/\"},\"sameAs\":[\"https:\/\/www.facebook.com\/biocheck\",\"https:\/\/www.linkedin.com\/company\/biochecklda\"]}]}<\/script>\n<!-- \/ Yoast SEO plugin. -->","yoast_head_json":{"title":"Term\u00f3metro Digital \u00e0 Prova de \u00c1gua - Biocheck Lda","description":"Com protetor de sonda para bolso; Gama de temperaturas de -40 a +240\u00baC;Fun\u00e7\u00e3o de mem\u00f3ria de Max\/Min.","robots":{"index":"index","follow":"follow","max-snippet":"max-snippet:-1","max-image-preview":"max-image-preview:large","max-video-preview":"max-video-preview:-1"},"canonical":"https:\/\/biocheck.pt\/homepage\/produto\/termometro-digital-a-prova-de-agua\/","og_locale":"pt_PT","og_type":"article","og_title":"Term\u00f3metro Digital \u00e0 Prova de \u00c1gua - Biocheck Lda","og_description":"Com protetor de sonda para bolso; Gama de temperaturas de -40 a +240\u00baC;Fun\u00e7\u00e3o de mem\u00f3ria de Max\/Min.","og_url":"https:\/\/biocheck.pt\/homepage\/produto\/termometro-digital-a-prova-de-agua\/","og_site_name":"Biocheck Lda","article_publisher":"https:\/\/www.facebook.com\/biocheck","article_modified_time":"2024-01-18T15:42:46+00:00","og_image":[{"width":300,"height":300,"url":"https:\/\/biocheck.pt\/homepage\/wp-content\/uploads\/2023\/02\/Termometro-Digital-a-Prova-de-Agua.png","type":"image\/png"}],"twitter_card":"summary_large_image","twitter_misc":{"Tempo estimado de leitura":"1 minuto"},"schema":{"@context":"https:\/\/schema.org","@graph":[{"@type":"WebPage","@id":"https:\/\/biocheck.pt\/homepage\/produto\/termometro-digital-a-prova-de-agua\/","url":"https:\/\/biocheck.pt\/homepage\/produto\/termometro-digital-a-prova-de-agua\/","name":"Term\u00f3metro Digital \u00e0 Prova de \u00c1gua - Biocheck Lda","isPartOf":{"@id":"https:\/\/biocheck.pt\/homepage\/#website"},"datePublished":"2023-02-17T11:48:44+00:00","dateModified":"2024-01-18T15:42:46+00:00","description":"Com protetor de sonda para bolso; Gama de temperaturas de -40 a +240\u00baC;Fun\u00e7\u00e3o de mem\u00f3ria de Max\/Min.","breadcrumb":{"@id":"https:\/\/biocheck.pt\/homepage\/produto\/termometro-digital-a-prova-de-agua\/#breadcrumb"},"inLanguage":"pt-PT","potentialAction":[{"@type":"ReadAction","target":["https:\/\/biocheck.pt\/homepage\/produto\/termometro-digital-a-prova-de-agua\/"]}]},{"@type":"BreadcrumbList","@id":"https:\/\/biocheck.pt\/homepage\/produto\/termometro-digital-a-prova-de-agua\/#breadcrumb","itemListElement":[{"@type":"ListItem","position":1,"name":"In\u00edcio","item":"https:\/\/biocheck.pt\/homepage\/"},{"@type":"ListItem","position":2,"name":"Loja","item":"https:\/\/biocheck.pt\/homepage\/loja\/"},{"@type":"ListItem","position":3,"name":"Term\u00f3metro Digital \u00e0 Prova de \u00c1gua"}]},{"@type":"WebSite","@id":"https:\/\/biocheck.pt\/homepage\/#website","url":"https:\/\/biocheck.pt\/homepage\/","name":"Biocheck Lda","description":"Qualidade e Seguran\u00e7a Alimentar","publisher":{"@id":"https:\/\/biocheck.pt\/homepage\/#organization"},"potentialAction":[{"@type":"SearchAction","target":{"@type":"EntryPoint","urlTemplate":"https:\/\/biocheck.pt\/homepage\/?s={search_term_string}"},"query-input":"required name=search_term_string"}],"inLanguage":"pt-PT"},{"@type":"Organization","@id":"https:\/\/biocheck.pt\/homepage\/#organization","name":"Biocheck Lda","url":"https:\/\/biocheck.pt\/homepage\/","logo":{"@type":"ImageObject","inLanguage":"pt-PT","@id":"https:\/\/biocheck.pt\/homepage\/#\/schema\/logo\/image\/","url":"https:\/\/biocheck.pt\/homepage\/wp-content\/uploads\/2023\/02\/logotipo_bola.png","contentUrl":"https:\/\/biocheck.pt\/homepage\/wp-content\/uploads\/2023\/02\/logotipo_bola.png","width":174,"height":215,"caption":"Biocheck Lda"},"image":{"@id":"https:\/\/biocheck.pt\/homepage\/#\/schema\/logo\/image\/"},"sameAs":["https:\/\/www.facebook.com\/biocheck","https:\/\/www.linkedin.com\/company\/biochecklda"]}]}},"jetpack_sharing_enabled":true,"_links":{"self":[{"href":"https:\/\/biocheck.pt\/homepage\/wp-json\/wp\/v2\/product\/12956","targetHints":{"allow":["GET"]}}],"collection":[{"href":"https:\/\/biocheck.pt\/homepage\/wp-json\/wp\/v2\/product"}],"about":[{"href":"https:\/\/biocheck.pt\/homepage\/wp-json\/wp\/v2\/types\/product"}],"wp:featuredmedia":[{"embeddable":true,"href":"https:\/\/biocheck.pt\/homepage\/wp-json\/wp\/v2\/media\/12957"}],"wp:attachment":[{"href":"https:\/\/biocheck.pt\/homepage\/wp-json\/wp\/v2\/media?parent=12956"}],"wp:term":[{"taxonomy":"product_brand","embeddable":true,"href":"https:\/\/biocheck.pt\/homepage\/wp-json\/wp\/v2\/product_brand?post=12956"},{"taxonomy":"product_cat","embeddable":true,"href":"https:\/\/biocheck.pt\/homepage\/wp-json\/wp\/v2\/product_cat?post=12956"},{"taxonomy":"product_tag","embeddable":true,"href":"https:\/\/biocheck.pt\/homepage\/wp-json\/wp\/v2\/product_tag?post=12956"}],"curies":[{"name":"wp","href":"https:\/\/api.w.org\/{rel}","templated":true}]}}